{"id":17,"date":"2023-07-20T21:16:52","date_gmt":"2023-07-20T21:16:52","guid":{"rendered":"https:\/\/scitechlewisville.com\/?page_id=17"},"modified":"2025-02-25T19:42:50","modified_gmt":"2025-02-25T19:42:50","slug":"curriculum","status":"publish","type":"page","link":"https:\/\/scitechlewisville.com\/es\/our-program\/curriculum\/","title":{"rendered":"Plan de Estudios"},"content":{"rendered":"<div id=\"fws_69fc9dc3f11cd\"  data-column-margin=\"default\" data-midnight=\"dark\"  class=\"wpb_row vc_row-fluid vc_row full-width-content vc_row-o-equal-height vc_row-flex vc_row-o-content-top  right_padding_10pct left_padding_10pct\"  style=\"padding-top: 100px; padding-bottom: 100px; \"><div class=\"row-bg-wrap\" data-bg-animation=\"none\" data-bg-animation-delay=\"\" data-bg-overlay=\"false\"><div class=\"inner-wrap row-bg-layer\" ><div class=\"row-bg viewport-desktop\"  style=\"\"><\/div><\/div><\/div><div class=\"row_col_wrap_12 col span_12 dark left\">\n\t<div  class=\"vc_col-sm-12 wpb_column column_container vc_column_container col no-extra-padding inherit_tablet inherit_phone\"  data-padding-pos=\"all\" data-has-bg-color=\"false\" data-bg-color=\"\" data-bg-opacity=\"1\" data-animation=\"\" data-delay=\"0\" >\n\t\t<div class=\"vc_column-inner\" >\n\t\t\t<div class=\"wpb_wrapper\">\n\t\t\t\t<div id=\"fws_69fc9dc3f1ad6\" data-midnight=\"\" data-column-margin=\"50px\" class=\"wpb_row vc_row-fluid vc_row inner_row vc_row-o-equal-height vc_row-flex vc_row-o-content-middle\"  style=\"\"><div class=\"row-bg-wrap\"> <div class=\"row-bg\" ><\/div> <\/div><div class=\"row_col_wrap_12_inner col span_12  left\">\n\t<div  class=\"vc_col-sm-7 wpb_column column_container vc_column_container col child_column no-extra-padding inherit_tablet inherit_phone\"   data-padding-pos=\"all\" data-has-bg-color=\"false\" data-bg-color=\"\" data-bg-opacity=\"1\" data-animation=\"\" data-delay=\"0\" >\n\t\t<div class=\"vc_column-inner\" >\n\t\t<div class=\"wpb_wrapper\">\n\t\t\t\n<div class=\"nectar-animated-title\" data-style=\"color-strip-reveal\" data-color=\"accent-color\">\n\t<div class=\"nectar-animated-title-outer\">\n\t\t<div class=\"nectar-animated-title-inner\">\n\t\t\t<div class=\"wrap\"><h6 style=\"color: #ffffff;\">Plan de Estudios<\/h6><\/div>\n\t\t<\/div>\n\t<\/div>\n<\/div><div class=\"nectar-highlighted-text\" data-style=\"half_text\" data-exp=\"default\" data-using-custom-color=\"true\" data-animation-delay=\"false\" data-color=\"#0ee290\" data-color-gradient=\"\" style=\"\"><h1>Libera tu potencial con<\/h1>\n<h1><em><span style=\"color: #18608c\">Aprendizaje Innovador<\/span><\/em><\/h1>\n<\/div>\n<div class=\"wpb_text_column wpb_content_element  wpb_animate_when_almost_visible wpb_fadeInLeft fadeInLeft\" >\n\t<p>En la Escuela de Ciencia y Tecnolog\u00eda de Lewisville, nuestro completo y vanguardista curr\u00edculo STEM se centra en el aprendizaje pr\u00e1ctico, el pensamiento cr\u00edtico y la resoluci\u00f3n de problemas para preparar a los estudiantes para el \u00e9xito en ciencia, tecnolog\u00eda, ingenier\u00eda y matem\u00e1ticas. Los estudiantes tienen la oportunidad de explorar sus pasiones e intereses, a la vez que adquieren conocimientos y habilidades pr\u00e1cticas que les servir\u00e1n como base s\u00f3lida para sus futuros proyectos.<\/p>\n<\/div>\n\n\n\n\n\t\t<\/div> \n\t<\/div>\n\t<\/div> \n\n\t<div  class=\"vc_col-sm-5 wpb_column column_container vc_column_container col child_column no-extra-padding inherit_tablet inherit_phone\"   data-padding-pos=\"all\" data-has-bg-color=\"false\" data-bg-color=\"\" data-bg-opacity=\"1\" data-animation=\"\" data-delay=\"0\" >\n\t\t<div class=\"vc_column-inner\" >\n\t\t<div class=\"wpb_wrapper\">\n\t\t\t<div class=\"nectar_cascading_images\" data-border-radius=\"none\" data-parallax=\"yes\" data-parallax-intensity=\"subtle\" data-layer-1-parallax=\"no\" data-animation-timing=\"175\"><div class=\"cascading-image\" data-has-img=\"true\" style=\" padding:33%;\" data-max-width=\"100%\" data-max-width-mobile=\"100%\" data-animation=\"none\" data-shadow=\"none\"><div class=\"inner-wrap\"><div class=\"bg-layer\" data-scale=\"2\" style=\"transform: scale(2)\"><div style=\" -webkit-transform:translateX(100%) translateY(75%) ; transform:translateX(100%) translateY(75%) ;\" class=\"img-wrap lazy-enabled\"> <img loading=\"lazy\" decoding=\"async\" src=\"data:image\/svg+xml;charset=utf-8,%3Csvg%20xmlns%3D'http%3A%2F%2Fwww.w3.org%2F2000%2Fsvg'%20viewBox%3D'0%200%20101%20117'%2F%3E\" data-nectar-img-src=\"https:\/\/scitechlewisville.com\/wp-content\/uploads\/2023\/07\/blue-solid-lg.png\"  height=\"117\" width=\"101\" class=\"skip-lazy nectar-lazy\" alt=\"\" \/> <\/div><\/div><\/div><\/div><div class=\"cascading-image\" data-has-img=\"true\" style=\" padding:33%;\" data-max-width=\"100%\" data-max-width-mobile=\"100%\" data-animation=\"none\" data-shadow=\"none\"><div class=\"inner-wrap\"><div class=\"bg-layer\" data-scale=\"2\" style=\"transform: scale(2)\"><div style=\" -webkit-transform:translateX(0%) translateY(0%) ; transform:translateX(0%) translateY(0%) ;\" class=\"img-wrap lazy-enabled\"> <img loading=\"lazy\" decoding=\"async\" src=\"data:image\/svg+xml;charset=utf-8,%3Csvg%20xmlns%3D'http%3A%2F%2Fwww.w3.org%2F2000%2Fsvg'%20viewBox%3D'0%200%201299%201500'%2F%3E\" data-nectar-img-src=\"https:\/\/scitechlewisville.com\/wp-content\/uploads\/2023\/07\/SciTech-Edu-2.png\" data-nectar-img-srcset=\"https:\/\/scitechlewisville.com\/wp-content\/uploads\/2023\/07\/SciTech-Edu-2.png 1299w, https:\/\/scitechlewisville.com\/wp-content\/uploads\/2023\/07\/SciTech-Edu-2-260x300.png 260w, https:\/\/scitechlewisville.com\/wp-content\/uploads\/2023\/07\/SciTech-Edu-2-887x1024.png 887w, https:\/\/scitechlewisville.com\/wp-content\/uploads\/2023\/07\/SciTech-Edu-2-768x887.png 768w\" sizes=\"auto, (min-width: 1000px) 45vw, 100vw\" height=\"1500\" width=\"1299\" class=\"skip-lazy nectar-lazy\" alt=\"Student looking at a gear seen through green filter\" \/> <\/div><\/div><\/div><\/div><div class=\"cascading-image\" data-has-img=\"true\" style=\" padding:33%;\" data-max-width=\"100%\" data-max-width-mobile=\"100%\" data-animation=\"none\" data-shadow=\"none\"><div class=\"inner-wrap\"><div class=\"bg-layer\" data-scale=\"1.8\" style=\"transform: scale(1.8)\"><div style=\" -webkit-transform:translateX(-100%) translateY(-75%) ; transform:translateX(-100%) translateY(-75%) ;\" class=\"img-wrap lazy-enabled\"> <img loading=\"lazy\" decoding=\"async\" src=\"data:image\/svg+xml;charset=utf-8,%3Csvg%20xmlns%3D'http%3A%2F%2Fwww.w3.org%2F2000%2Fsvg'%20viewBox%3D'0%200%20101%20117'%2F%3E\" data-nectar-img-src=\"https:\/\/scitechlewisville.com\/wp-content\/uploads\/2023\/07\/grn-empty-lg.png\"  height=\"117\" width=\"101\" class=\"skip-lazy nectar-lazy\" alt=\"\" \/> <\/div><\/div><\/div><\/div><\/div>\n\t\t<\/div> \n\t<\/div>\n\t<\/div> \n<\/div><\/div>\n\t\t\t<\/div> \n\t\t<\/div>\n\t<\/div> \n<\/div><\/div>\n\t\t<div id=\"fws_69fc9dc3f3ad9\"  data-column-margin=\"default\" data-midnight=\"light\"  class=\"wpb_row vc_row-fluid vc_row full-width-content has-row-bg-color vc_row-o-equal-height vc_row-flex vc_row-o-content-top  top_margin_100px bottom_margin_100px right_padding_10pct left_padding_10pct\"  style=\"padding-top: 100px; padding-bottom: 150px; --row-bg-color: #18608c;\"><div class=\"row-bg-wrap\" data-bg-animation=\"none\" data-bg-animation-delay=\"\" data-bg-overlay=\"false\"><div class=\"inner-wrap row-bg-layer using-image\" ><div class=\"row-bg viewport-desktop using-image using-bg-color\"  style=\"background-image: url(https:\/\/scitechlewisville.com\/wp-content\/uploads\/2023\/07\/SciTech-Edu-BG-2.jpg); background-position: center center; background-repeat: no-repeat; background-color: #18608c; \"><\/div><\/div><\/div><div class=\"row_col_wrap_12 col span_12 light left\">\n\t<div  class=\"vc_col-sm-12 wpb_column column_container vc_column_container col no-extra-padding inherit_tablet inherit_phone\"  data-padding-pos=\"all\" data-has-bg-color=\"false\" data-bg-color=\"\" data-bg-opacity=\"1\" data-animation=\"\" data-delay=\"0\" >\n\t\t<div class=\"vc_column-inner\" >\n\t\t\t<div class=\"wpb_wrapper\">\n\t\t\t\t<div id=\"fws_69fc9dc3f41f6\" data-midnight=\"\" data-column-margin=\"50px\" class=\"wpb_row vc_row-fluid vc_row inner_row vc_row-o-equal-height vc_row-flex vc_row-o-content-middle\"  style=\"\"><div class=\"row-bg-wrap\"> <div class=\"row-bg\" ><\/div> <\/div><div class=\"row_col_wrap_12_inner col span_12  left\">\n\t<div  class=\"vc_col-sm-6 wpb_column column_container vc_column_container col child_column no-extra-padding inherit_tablet inherit_phone\"   data-padding-pos=\"all\" data-has-bg-color=\"false\" data-bg-color=\"\" data-bg-opacity=\"1\" data-animation=\"\" data-delay=\"0\" >\n\t\t<div class=\"vc_column-inner\" >\n\t\t<div class=\"wpb_wrapper\">\n\t\t\t<div class=\"nectar-highlighted-text\" data-style=\"half_text\" data-exp=\"default\" data-using-custom-color=\"true\" data-animation-delay=\"false\" data-color=\"#0ee290\" data-color-gradient=\"\" style=\"\"><h2>Curr\u00edculo del <em>Futuro<\/em><\/h2>\n<\/div><div class=\"divider-wrap\" data-alignment=\"default\"><div style=\"height: 50px;\" class=\"divider\"><\/div><\/div>\n<div class=\"wpb_text_column wpb_content_element  wpb_animate_when_almost_visible wpb_fadeInLeft fadeInLeft\" >\n\t<div>En la Escuela de Ciencias y Tecnolog\u00eda de Lewisville, hemos adoptado el poder de la tecnolog\u00eda e implementado BrightThinker, un plan de estudios digital que ha revolucionado la forma en que nuestros estudiantes aprenden.<\/div>\n<div><\/div>\n<div>Nuestros estudiantes no cargan con pesados \u200b\u200blibros de texto; en cambio, tienen la oportunidad de usar dispositivos con los que ya est\u00e1n familiarizados para acceder a sus materiales de aprendizaje. Usan las computadoras port\u00e1tiles asignadas para interactuar con el contenido de una manera natural y emocionante.<\/div>\n<div><\/div>\n<div>Esto no solo fomenta el amor por el aprendizaje, sino que tambi\u00e9n fomenta el pensamiento independiente y la exploraci\u00f3n. Nuestro curr\u00edculo digital permite a los padres participar activamente en el proceso acad\u00e9mico de sus hijos. Con un simple inicio de sesi\u00f3n, pueden seguir el progreso, las tareas y las calificaciones de sus hijos, lo que facilita m\u00e1s que nunca mantenerse informados y ofrecer apoyo cuando sea necesario.<\/div>\n<div><\/div>\n<div>Este enfoque innovador de la educaci\u00f3n no solo empodera a nuestros estudiantes, sino que tambi\u00e9n fortalece la asociaci\u00f3n entre la escuela y el hogar, lo que en \u00faltima instancia conduce a una experiencia acad\u00e9mica m\u00e1s enriquecedora y exitosa para todos.<\/div>\n<\/div>\n\n\n\n\n\t\t<\/div> \n\t<\/div>\n\t<\/div> \n\n\t<div  class=\"vc_col-sm-6 wpb_column column_container vc_column_container col child_column no-extra-padding inherit_tablet inherit_phone\"   data-padding-pos=\"all\" data-has-bg-color=\"false\" data-bg-color=\"\" data-bg-opacity=\"1\" data-animation=\"\" data-delay=\"0\" >\n\t\t<div class=\"vc_column-inner\" >\n\t\t<div class=\"wpb_wrapper\">\n\t\t\t<div class=\"img-with-aniamtion-wrap center\" data-max-width=\"100%\" data-max-width-mobile=\"default\" data-shadow=\"none\" data-animation=\"none\" >\n      <div class=\"inner\">\n        <div class=\"hover-wrap\"> \n          <div class=\"hover-wrap-inner\">\n            <img loading=\"lazy\" decoding=\"async\" class=\"img-with-animation skip-lazy\" data-delay=\"0\" height=\"1500\" width=\"1299\" data-animation=\"none\" src=\"https:\/\/scitechlewisville.com\/wp-content\/uploads\/2023\/07\/SciTech-Edu-1.png\" alt=\"Girl typing on a laptop with a robot next to her seen through green filter\" srcset=\"https:\/\/scitechlewisville.com\/wp-content\/uploads\/2023\/07\/SciTech-Edu-1.png 1299w, https:\/\/scitechlewisville.com\/wp-content\/uploads\/2023\/07\/SciTech-Edu-1-260x300.png 260w, https:\/\/scitechlewisville.com\/wp-content\/uploads\/2023\/07\/SciTech-Edu-1-887x1024.png 887w, https:\/\/scitechlewisville.com\/wp-content\/uploads\/2023\/07\/SciTech-Edu-1-768x887.png 768w\" sizes=\"auto, (max-width: 1299px) 100vw, 1299px\" \/>\n          <\/div>\n        <\/div>\n        \n      <\/div>\n    <\/div>\n\t\t<\/div> \n\t<\/div>\n\t<\/div> \n<\/div><\/div>\n\t\t\t<\/div> \n\t\t<\/div>\n\t<\/div> \n<\/div><\/div>","protected":false},"excerpt":{"rendered":"Curriculum Unleash Your Potential with Innovative Learning At Lewisville School of Science &amp; Technology our comprehensive and cutting-edge STEM curriculum focuses on hands-on learning, critical thinking, and problem-solving skills to...","protected":false},"author":1,"featured_media":0,"parent":15,"menu_order":0,"comment_status":"closed","ping_status":"closed","template":"","meta":{"footnotes":""},"class_list":["post-17","page","type-page","status-publish"],"yoast_head":"<!-- This site is optimized with the Yoast SEO plugin v27.3 - https:\/\/yoast.com\/product\/yoast-seo-wordpress\/ -->\n<title>STEM Curriculum Lewisville | College &amp; Career Ready | SciTech Lewisville<\/title>\n<meta name=\"description\" content=\"Explore SciTech Lewisville\u2019s STEM curriculum featuring college prep academics, career pathways, and hands-on learning that prepares students for success.\" \/>\n<meta name=\"robots\" content=\"index, follow, max-snippet:-1, max-image-preview:large, max-video-preview:-1\" \/>\n<link rel=\"canonical\" href=\"https:\/\/scitechlewisville.com\/es\/our-program\/curriculum\/\" \/>\n<meta property=\"og:locale\" content=\"es_MX\" \/>\n<meta property=\"og:type\" content=\"article\" \/>\n<meta property=\"og:title\" content=\"STEM Curriculum Lewisville | College &amp; Career Ready | SciTech Lewisville\" \/>\n<meta property=\"og:description\" content=\"Explore SciTech Lewisville\u2019s STEM curriculum featuring college prep academics, career pathways, and hands-on learning that prepares students for success.\" \/>\n<meta property=\"og:url\" content=\"https:\/\/scitechlewisville.com\/es\/our-program\/curriculum\/\" \/>\n<meta property=\"og:site_name\" content=\"Lewisville School of Science and Technology\" \/>\n<meta property=\"article:modified_time\" content=\"2025-02-25T19:42:50+00:00\" \/>\n<meta property=\"og:image\" content=\"https:\/\/scitechlewisville.com\/wp-content\/uploads\/2023\/07\/SciTech-Lower.png\" \/>\n\t<meta property=\"og:image:width\" content=\"1299\" \/>\n\t<meta property=\"og:image:height\" content=\"1500\" \/>\n\t<meta property=\"og:image:type\" content=\"image\/png\" \/>\n<meta name=\"twitter:card\" content=\"summary_large_image\" \/>\n<script type=\"application\/ld+json\" class=\"yoast-schema-graph\">{\"@context\":\"https:\\\/\\\/schema.org\",\"@graph\":[{\"@type\":\"WebPage\",\"@id\":\"https:\\\/\\\/scitechlewisville.com\\\/our-program\\\/curriculum\\\/\",\"url\":\"https:\\\/\\\/scitechlewisville.com\\\/our-program\\\/curriculum\\\/\",\"name\":\"STEM Curriculum Lewisville | College & Career Ready | SciTech Lewisville\",\"isPartOf\":{\"@id\":\"https:\\\/\\\/scitechlewisville.com\\\/#website\"},\"datePublished\":\"2023-07-20T21:16:52+00:00\",\"dateModified\":\"2025-02-25T19:42:50+00:00\",\"description\":\"Explore SciTech Lewisville\u2019s STEM curriculum featuring college prep academics, career pathways, and hands-on learning that prepares students for success.\",\"breadcrumb\":{\"@id\":\"https:\\\/\\\/scitechlewisville.com\\\/our-program\\\/curriculum\\\/#breadcrumb\"},\"inLanguage\":\"es\",\"potentialAction\":[{\"@type\":\"ReadAction\",\"target\":[\"https:\\\/\\\/scitechlewisville.com\\\/our-program\\\/curriculum\\\/\"]}]},{\"@type\":\"BreadcrumbList\",\"@id\":\"https:\\\/\\\/scitechlewisville.com\\\/our-program\\\/curriculum\\\/#breadcrumb\",\"itemListElement\":[{\"@type\":\"ListItem\",\"position\":1,\"name\":\"Home\",\"item\":\"https:\\\/\\\/scitechlewisville.com\\\/\"},{\"@type\":\"ListItem\",\"position\":2,\"name\":\"Our Program\",\"item\":\"https:\\\/\\\/scitechlewisville.com\\\/our-program\\\/\"},{\"@type\":\"ListItem\",\"position\":3,\"name\":\"Curriculum\"}]},{\"@type\":\"WebSite\",\"@id\":\"https:\\\/\\\/scitechlewisville.com\\\/#website\",\"url\":\"https:\\\/\\\/scitechlewisville.com\\\/\",\"name\":\"Lewisville School of Science and Technology\",\"description\":\"STEM Education in Lewisville\",\"publisher\":{\"@id\":\"https:\\\/\\\/scitechlewisville.com\\\/#organization\"},\"potentialAction\":[{\"@type\":\"SearchAction\",\"target\":{\"@type\":\"EntryPoint\",\"urlTemplate\":\"https:\\\/\\\/scitechlewisville.com\\\/?s={search_term_string}\"},\"query-input\":{\"@type\":\"PropertyValueSpecification\",\"valueRequired\":true,\"valueName\":\"search_term_string\"}}],\"inLanguage\":\"es\"},{\"@type\":\"Organization\",\"@id\":\"https:\\\/\\\/scitechlewisville.com\\\/#organization\",\"name\":\"Lewisville School of Science and Technology\",\"url\":\"https:\\\/\\\/scitechlewisville.com\\\/\",\"logo\":{\"@type\":\"ImageObject\",\"inLanguage\":\"es\",\"@id\":\"https:\\\/\\\/scitechlewisville.com\\\/#\\\/schema\\\/logo\\\/image\\\/\",\"url\":\"https:\\\/\\\/scitechlewisville.com\\\/wp-content\\\/uploads\\\/2024\\\/01\\\/favicon.png\",\"contentUrl\":\"https:\\\/\\\/scitechlewisville.com\\\/wp-content\\\/uploads\\\/2024\\\/01\\\/favicon.png\",\"width\":445,\"height\":513,\"caption\":\"Lewisville School of Science and Technology\"},\"image\":{\"@id\":\"https:\\\/\\\/scitechlewisville.com\\\/#\\\/schema\\\/logo\\\/image\\\/\"}}]}<\/script>\n<!-- \/ Yoast SEO plugin. -->","yoast_head_json":{"title":"STEM Curriculum Lewisville | College & Career Ready | SciTech Lewisville","description":"Explore SciTech Lewisville\u2019s STEM curriculum featuring college prep academics, career pathways, and hands-on learning that prepares students for success.","robots":{"index":"index","follow":"follow","max-snippet":"max-snippet:-1","max-image-preview":"max-image-preview:large","max-video-preview":"max-video-preview:-1"},"canonical":"https:\/\/scitechlewisville.com\/es\/our-program\/curriculum\/","og_locale":"es_MX","og_type":"article","og_title":"STEM Curriculum Lewisville | College & Career Ready | SciTech Lewisville","og_description":"Explore SciTech Lewisville\u2019s STEM curriculum featuring college prep academics, career pathways, and hands-on learning that prepares students for success.","og_url":"https:\/\/scitechlewisville.com\/es\/our-program\/curriculum\/","og_site_name":"Lewisville School of Science and Technology","article_modified_time":"2025-02-25T19:42:50+00:00","og_image":[{"width":1299,"height":1500,"url":"https:\/\/scitechlewisville.com\/wp-content\/uploads\/2023\/07\/SciTech-Lower.png","type":"image\/png"}],"twitter_card":"summary_large_image","schema":{"@context":"https:\/\/schema.org","@graph":[{"@type":"WebPage","@id":"https:\/\/scitechlewisville.com\/our-program\/curriculum\/","url":"https:\/\/scitechlewisville.com\/our-program\/curriculum\/","name":"STEM Curriculum Lewisville | College & Career Ready | SciTech Lewisville","isPartOf":{"@id":"https:\/\/scitechlewisville.com\/#website"},"datePublished":"2023-07-20T21:16:52+00:00","dateModified":"2025-02-25T19:42:50+00:00","description":"Explore SciTech Lewisville\u2019s STEM curriculum featuring college prep academics, career pathways, and hands-on learning that prepares students for success.","breadcrumb":{"@id":"https:\/\/scitechlewisville.com\/our-program\/curriculum\/#breadcrumb"},"inLanguage":"es","potentialAction":[{"@type":"ReadAction","target":["https:\/\/scitechlewisville.com\/our-program\/curriculum\/"]}]},{"@type":"BreadcrumbList","@id":"https:\/\/scitechlewisville.com\/our-program\/curriculum\/#breadcrumb","itemListElement":[{"@type":"ListItem","position":1,"name":"Home","item":"https:\/\/scitechlewisville.com\/"},{"@type":"ListItem","position":2,"name":"Our Program","item":"https:\/\/scitechlewisville.com\/our-program\/"},{"@type":"ListItem","position":3,"name":"Curriculum"}]},{"@type":"WebSite","@id":"https:\/\/scitechlewisville.com\/#website","url":"https:\/\/scitechlewisville.com\/","name":"Escuela de Ciencia y Tecnolog\u00eda de Lewisville","description":"La educaci\u00f3n STEM en Lewisville","publisher":{"@id":"https:\/\/scitechlewisville.com\/#organization"},"potentialAction":[{"@type":"SearchAction","target":{"@type":"EntryPoint","urlTemplate":"https:\/\/scitechlewisville.com\/?s={search_term_string}"},"query-input":{"@type":"PropertyValueSpecification","valueRequired":true,"valueName":"search_term_string"}}],"inLanguage":"es"},{"@type":"Organization","@id":"https:\/\/scitechlewisville.com\/#organization","name":"Escuela de Ciencia y Tecnolog\u00eda de Lewisville","url":"https:\/\/scitechlewisville.com\/","logo":{"@type":"ImageObject","inLanguage":"es","@id":"https:\/\/scitechlewisville.com\/#\/schema\/logo\/image\/","url":"https:\/\/scitechlewisville.com\/wp-content\/uploads\/2024\/01\/favicon.png","contentUrl":"https:\/\/scitechlewisville.com\/wp-content\/uploads\/2024\/01\/favicon.png","width":445,"height":513,"caption":"Lewisville School of Science and Technology"},"image":{"@id":"https:\/\/scitechlewisville.com\/#\/schema\/logo\/image\/"}}]}},"_links":{"self":[{"href":"https:\/\/scitechlewisville.com\/es\/wp-json\/wp\/v2\/pages\/17","targetHints":{"allow":["GET"]}}],"collection":[{"href":"https:\/\/scitechlewisville.com\/es\/wp-json\/wp\/v2\/pages"}],"about":[{"href":"https:\/\/scitechlewisville.com\/es\/wp-json\/wp\/v2\/types\/page"}],"author":[{"embeddable":true,"href":"https:\/\/scitechlewisville.com\/es\/wp-json\/wp\/v2\/users\/1"}],"replies":[{"embeddable":true,"href":"https:\/\/scitechlewisville.com\/es\/wp-json\/wp\/v2\/comments?post=17"}],"version-history":[{"count":0,"href":"https:\/\/scitechlewisville.com\/es\/wp-json\/wp\/v2\/pages\/17\/revisions"}],"up":[{"embeddable":true,"href":"https:\/\/scitechlewisville.com\/es\/wp-json\/wp\/v2\/pages\/15"}],"wp:attachment":[{"href":"https:\/\/scitechlewisville.com\/es\/wp-json\/wp\/v2\/media?parent=17"}],"curies":[{"name":"wp","href":"https:\/\/api.w.org\/{rel}","templated":true}]}}