{"id":14,"date":"2023-07-20T21:15:49","date_gmt":"2023-07-20T21:15:49","guid":{"rendered":"https:\/\/scitechlewisville.com\/?page_id=14"},"modified":"2024-01-18T20:05:44","modified_gmt":"2024-01-18T20:05:44","slug":"charter-school","status":"publish","type":"page","link":"https:\/\/scitechlewisville.com\/es\/about\/charter-school\/","title":{"rendered":"Escuela Charter"},"content":{"rendered":"<div id=\"fws_69fcf0c420182\"  data-column-margin=\"default\" data-midnight=\"dark\"  class=\"wpb_row vc_row-fluid vc_row full-width-content vc_row-o-equal-height vc_row-flex vc_row-o-content-top  right_padding_10pct left_padding_10pct\"  style=\"padding-top: 100px; padding-bottom: 100px; \"><div class=\"row-bg-wrap\" data-bg-animation=\"none\" data-bg-animation-delay=\"\" data-bg-overlay=\"false\"><div class=\"inner-wrap row-bg-layer\" ><div class=\"row-bg viewport-desktop\"  style=\"\"><\/div><\/div><\/div><div class=\"row_col_wrap_12 col span_12 dark left\">\n\t<div  class=\"vc_col-sm-12 wpb_column column_container vc_column_container col no-extra-padding inherit_tablet inherit_phone\"  data-padding-pos=\"all\" data-has-bg-color=\"false\" data-bg-color=\"\" data-bg-opacity=\"1\" data-animation=\"\" data-delay=\"0\" >\n\t\t<div class=\"vc_column-inner\" >\n\t\t\t<div class=\"wpb_wrapper\">\n\t\t\t\t<div id=\"fws_69fcf0c420bfa\" data-midnight=\"\" data-column-margin=\"50px\" class=\"wpb_row vc_row-fluid vc_row inner_row vc_row-o-equal-height vc_row-flex vc_row-o-content-middle\"  style=\"\"><div class=\"row-bg-wrap\"> <div class=\"row-bg\" ><\/div> <\/div><div class=\"row_col_wrap_12_inner col span_12  left\">\n\t<div  class=\"vc_col-sm-7 wpb_column column_container vc_column_container col child_column no-extra-padding inherit_tablet inherit_phone\"   data-padding-pos=\"all\" data-has-bg-color=\"false\" data-bg-color=\"\" data-bg-opacity=\"1\" data-animation=\"\" data-delay=\"0\" >\n\t\t<div class=\"vc_column-inner\" >\n\t\t<div class=\"wpb_wrapper\">\n\t\t\t\n<div class=\"nectar-animated-title\" data-style=\"color-strip-reveal\" data-color=\"accent-color\">\n\t<div class=\"nectar-animated-title-outer\">\n\t\t<div class=\"nectar-animated-title-inner\">\n\t\t\t<div class=\"wrap\"><h6 style=\"color: #ffffff;\">Escuela Charter<\/h6><\/div>\n\t\t<\/div>\n\t<\/div>\n<\/div><div class=\"nectar-highlighted-text\" data-style=\"half_text\" data-exp=\"default\" data-using-custom-color=\"true\" data-animation-delay=\"false\" data-color=\"#0ee290\" data-color-gradient=\"\" style=\"\"><h1>Tu Elecci\u00f3n para una<\/h1>\n<h1><em><span style=\"color: #18608c\">Un Ma\u00f1ana m\u00e1s Brillante<\/span><\/em><\/h1>\n<\/div>\n<div class=\"wpb_text_column wpb_content_element  wpb_animate_when_almost_visible wpb_fadeInLeft fadeInLeft\" >\n\t<p><strong>Creemos que<\/strong>\u00a0las familias deber\u00edan poder elegir la escuela que mejor se adapte a sus necesidades educativas.\nDado que las escuelas ch\u00e1rter son escuelas p\u00fablicas, est\u00e1n abiertas a todos los ni\u00f1os, no cobran matr\u00edcula, no tienen requisitos especiales de admisi\u00f3n y no est\u00e1n asociadas con ninguna religi\u00f3n. Las escuelas ch\u00e1rter p\u00fablicas var\u00edan en su misi\u00f3n y modelo, atendiendo a una amplia gama de estudiantes, muchos de ellos con necesidades que van m\u00e1s all\u00e1 de las de una escuela p\u00fablica tradicional con un enfoque \u00fanico.<br \/>\nBecause charter schools are public schools, charter schools are open to all children, do not charge tuition, do not have special requirements for admittance, and are not associated with any religion. Public charter schools vary in mission and model, serving a wide range of students, many with needs beyond the one-size-fits-all traditional public school.<\/p>\n<p><a href=\"https:\/\/txcharterschools.org\/\" target=\"_blank\" rel=\"noopener\"><em>txcharterschools.org<\/em><\/a><\/p>\n<\/div>\n\n\n\n\n\t\t<\/div> \n\t<\/div>\n\t<\/div> \n\n\t<div  class=\"vc_col-sm-5 wpb_column column_container vc_column_container col child_column no-extra-padding inherit_tablet inherit_phone\"   data-padding-pos=\"all\" data-has-bg-color=\"false\" data-bg-color=\"\" data-bg-opacity=\"1\" data-animation=\"\" data-delay=\"0\" >\n\t\t<div class=\"vc_column-inner\" >\n\t\t<div class=\"wpb_wrapper\">\n\t\t\t<div class=\"nectar_cascading_images\" data-border-radius=\"none\" data-parallax=\"yes\" data-parallax-intensity=\"subtle\" data-layer-1-parallax=\"no\" data-animation-timing=\"175\"><div class=\"cascading-image\" data-has-img=\"true\" style=\" padding:33%;\" data-max-width=\"100%\" data-max-width-mobile=\"100%\" data-animation=\"none\" data-shadow=\"none\"><div class=\"inner-wrap\"><div class=\"bg-layer\" data-scale=\"2\" style=\"transform: scale(2)\"><div style=\" -webkit-transform:translateX(100%) translateY(75%) ; transform:translateX(100%) translateY(75%) ;\" class=\"img-wrap lazy-enabled\"> <img loading=\"lazy\" decoding=\"async\" src=\"data:image\/svg+xml;charset=utf-8,%3Csvg%20xmlns%3D'http%3A%2F%2Fwww.w3.org%2F2000%2Fsvg'%20viewBox%3D'0%200%20101%20117'%2F%3E\" data-nectar-img-src=\"https:\/\/scitechlewisville.com\/wp-content\/uploads\/2023\/07\/blue-solid-lg.png\"  height=\"117\" width=\"101\" class=\"skip-lazy nectar-lazy\" alt=\"\" \/> <\/div><\/div><\/div><\/div><div class=\"cascading-image\" data-has-img=\"true\" style=\" padding:33%;\" data-max-width=\"100%\" data-max-width-mobile=\"100%\" data-animation=\"none\" data-shadow=\"none\"><div class=\"inner-wrap\"><div class=\"bg-layer\" data-scale=\"2\" style=\"transform: scale(2)\"><div style=\" -webkit-transform:translateX(0%) translateY(0%) ; transform:translateX(0%) translateY(0%) ;\" class=\"img-wrap lazy-enabled\"> <img loading=\"lazy\" decoding=\"async\" src=\"data:image\/svg+xml;charset=utf-8,%3Csvg%20xmlns%3D'http%3A%2F%2Fwww.w3.org%2F2000%2Fsvg'%20viewBox%3D'0%200%201299%201500'%2F%3E\" data-nectar-img-src=\"https:\/\/scitechlewisville.com\/wp-content\/uploads\/2023\/07\/SciTech-pic-2.png\" data-nectar-img-srcset=\"https:\/\/scitechlewisville.com\/wp-content\/uploads\/2023\/07\/SciTech-pic-2.png 1299w, https:\/\/scitechlewisville.com\/wp-content\/uploads\/2023\/07\/SciTech-pic-2-260x300.png 260w, https:\/\/scitechlewisville.com\/wp-content\/uploads\/2023\/07\/SciTech-pic-2-887x1024.png 887w, https:\/\/scitechlewisville.com\/wp-content\/uploads\/2023\/07\/SciTech-pic-2-768x887.png 768w\" sizes=\"auto, (min-width: 1000px) 45vw, 100vw\" height=\"1500\" width=\"1299\" class=\"skip-lazy nectar-lazy\" alt=\"A hand adjusting a wing nut seen through a green filter\" \/> <\/div><\/div><\/div><\/div><div class=\"cascading-image\" data-has-img=\"true\" style=\" padding:33%;\" data-max-width=\"100%\" data-max-width-mobile=\"100%\" data-animation=\"none\" data-shadow=\"none\"><div class=\"inner-wrap\"><div class=\"bg-layer\" data-scale=\"1.8\" style=\"transform: scale(1.8)\"><div style=\" -webkit-transform:translateX(-100%) translateY(-75%) ; transform:translateX(-100%) translateY(-75%) ;\" class=\"img-wrap lazy-enabled\"> <img loading=\"lazy\" decoding=\"async\" src=\"data:image\/svg+xml;charset=utf-8,%3Csvg%20xmlns%3D'http%3A%2F%2Fwww.w3.org%2F2000%2Fsvg'%20viewBox%3D'0%200%20101%20117'%2F%3E\" data-nectar-img-src=\"https:\/\/scitechlewisville.com\/wp-content\/uploads\/2023\/07\/grn-empty-lg.png\"  height=\"117\" width=\"101\" class=\"skip-lazy nectar-lazy\" alt=\"\" \/> <\/div><\/div><\/div><\/div><\/div>\n\t\t<\/div> \n\t<\/div>\n\t<\/div> \n<\/div><\/div>\n\t\t\t<\/div> \n\t\t<\/div>\n\t<\/div> \n<\/div><\/div>\n\t\t<div id=\"fws_69fcf0c4234cf\"  data-column-margin=\"100px\" data-midnight=\"dark\"  class=\"wpb_row vc_row-fluid vc_row full-width-content vc_row-o-equal-height vc_row-flex vc_row-o-content-middle  bottom_margin_100px right_padding_5pct left_padding_5pct reverse_columns_desktop top_padding_phone_100px\"  style=\"padding-top: 0px; padding-bottom: 0px; \"><div class=\"row-bg-wrap\" data-bg-animation=\"none\" data-bg-animation-delay=\"\" data-bg-overlay=\"false\"><div class=\"inner-wrap row-bg-layer\" ><div class=\"row-bg viewport-desktop\"  style=\"\"><\/div><\/div><\/div><div class=\"row_col_wrap_12 col span_12 dark left\">\n\t<div  class=\"vc_col-sm-6 wpb_column column_container vc_column_container col no-extra-padding inherit_tablet inherit_phone\"  data-padding-pos=\"all\" data-has-bg-color=\"false\" data-bg-color=\"\" data-bg-opacity=\"1\" data-animation=\"\" data-delay=\"0\" >\n\t\t<div class=\"vc_column-inner\" >\n\t\t\t<div class=\"wpb_wrapper\">\n\t\t\t\t<div class=\"nectar-highlighted-text\" data-style=\"half_text\" data-exp=\"default\" data-using-custom-color=\"true\" data-animation-delay=\"false\" data-color=\"#0ee290\" data-color-gradient=\"\" style=\"\"><h2>\u00bfQu\u00e9 es una <span style=\"color: #18608b\"><em>Escuela Charter?<\/em><\/span><\/h2>\n<\/div>\n<div class=\"wpb_text_column wpb_content_element  wpb_animate_when_almost_visible wpb_fadeInLeft fadeInLeft\" >\n\t<p>Las escuelas ch\u00e1rter p\u00fablicas son de inscripci\u00f3n abierta, gratuitas, de libre elecci\u00f3n y est\u00e1n abiertas a todo estudiante que desee matricularse. La Legislatura de Texas autoriz\u00f3 su creaci\u00f3n en 1995 para ofrecer a las familias opciones de escuelas p\u00fablicas en sus comunidades. Se crearon con la idea de que una menor regulaci\u00f3n estatal podr\u00eda fomentar la innovaci\u00f3n en todas las escuelas p\u00fablicas. Est\u00e1n autorizadas, supervisadas y rinden cuentas seg\u00fan los mismos est\u00e1ndares acad\u00e9micos y financieros que las escuelas p\u00fablicas tradicionales. No existen zonas escolares para las escuelas ch\u00e1rter. Si reside en el estado, puede asistir a la Escuela de Ciencia y Tecnolog\u00eda de Lewisville.<\/p>\n<p><a href=\"https:\/\/tea.texas.gov\/\" target=\"_blank\" rel=\"noopener\"><em>tea.texas.gov<\/em><\/a><\/p>\n<\/div>\n\n\n\n<a class=\"nectar-button large regular accent-color  regular-button\"  role=\"button\" style=\"margin-right: 15px; color: #ffffff; \"  href=\"\/es\/inscribirse\/\" data-color-override=\"false\" data-hover-color-override=\"false\" data-hover-text-color-override=\"#fff\"><span>Inscr\u00edbete Hoy<\/span><\/a>\n\t\t\t<\/div> \n\t\t<\/div>\n\t<\/div> \n\n\t<div  class=\"vc_col-sm-6 wpb_column column_container vc_column_container col no-extra-padding inherit_tablet no-extra-padding_phone\"  data-padding-pos=\"all\" data-has-bg-color=\"false\" data-bg-color=\"\" data-bg-opacity=\"1\" data-animation=\"\" data-delay=\"0\" >\n\t\t<div class=\"vc_column-inner\" >\n\t\t\t<div class=\"wpb_wrapper\">\n\t\t\t\t\n\t<div class=\"wpb_video_widget wpb_content_element vc_clearfix   vc_video-aspect-ratio-169 vc_video-el-width-100 vc_video-align-center\" >\n\t\t<div class=\"wpb_wrapper\">\n\t\t\t\n\t\t\t<div class=\"wpb_video_wrapper\"><iframe loading=\"lazy\" title=\"\u00bfQu\u00e9 es una escuela charter?\" width=\"500\" height=\"281\" src=\"https:\/\/www.youtube.com\/embed\/dJp71WQEqaI?feature=oembed\" frameborder=\"0\" allow=\"accelerometer; autoplay; clipboard-write; encrypted-media; gyroscope; picture-in-picture; web-share\" referrerpolicy=\"strict-origin-when-cross-origin\" allowfullscreen><\/iframe><\/div>\n\t\t<\/div>\n\t<\/div>\n\n\t\t\t<\/div> \n\t\t<\/div>\n\t<\/div> \n<\/div><\/div>","protected":false},"excerpt":{"rendered":"Charter School Your Choice for a Brighter Tomorrow We believe\u00a0families should be able to choose a school that best meets their educational needs. Because charter schools are public schools, charter...","protected":false},"author":1,"featured_media":0,"parent":12,"menu_order":0,"comment_status":"closed","ping_status":"closed","template":"","meta":{"footnotes":""},"class_list":["post-14","page","type-page","status-publish"],"yoast_head":"<!-- This site is optimized with the Yoast SEO plugin v27.3 - https:\/\/yoast.com\/product\/yoast-seo-wordpress\/ -->\n<title>Charter School Lewisville | Tuition-Free Public Option | SciTech Lewisville<\/title>\n<meta name=\"description\" content=\"Discover how charter schools work and why families choose SciTech Lewisville for tuition-free STEM education, flexibility, and strong outcomes.\" \/>\n<meta name=\"robots\" content=\"index, follow, max-snippet:-1, max-image-preview:large, max-video-preview:-1\" \/>\n<link rel=\"canonical\" href=\"https:\/\/scitechlewisville.com\/es\/about\/charter-school\/\" \/>\n<meta property=\"og:locale\" content=\"es_MX\" \/>\n<meta property=\"og:type\" content=\"article\" \/>\n<meta property=\"og:title\" content=\"Charter School Lewisville | Tuition-Free Public Option | SciTech Lewisville\" \/>\n<meta property=\"og:description\" content=\"Discover how charter schools work and why families choose SciTech Lewisville for tuition-free STEM education, flexibility, and strong outcomes.\" \/>\n<meta property=\"og:url\" content=\"https:\/\/scitechlewisville.com\/es\/about\/charter-school\/\" \/>\n<meta property=\"og:site_name\" content=\"Lewisville School of Science and Technology\" \/>\n<meta property=\"article:modified_time\" content=\"2024-01-18T20:05:44+00:00\" \/>\n<meta property=\"og:image\" content=\"https:\/\/scitechlewisville.com\/wp-content\/uploads\/2023\/07\/SciTech-Lower.png\" \/>\n\t<meta property=\"og:image:width\" content=\"1299\" \/>\n\t<meta property=\"og:image:height\" content=\"1500\" \/>\n\t<meta property=\"og:image:type\" content=\"image\/png\" \/>\n<meta name=\"twitter:card\" content=\"summary_large_image\" \/>\n<script type=\"application\/ld+json\" class=\"yoast-schema-graph\">{\"@context\":\"https:\\\/\\\/schema.org\",\"@graph\":[{\"@type\":\"WebPage\",\"@id\":\"https:\\\/\\\/scitechlewisville.com\\\/about\\\/charter-school\\\/\",\"url\":\"https:\\\/\\\/scitechlewisville.com\\\/about\\\/charter-school\\\/\",\"name\":\"Charter School Lewisville | Tuition-Free Public Option | SciTech Lewisville\",\"isPartOf\":{\"@id\":\"https:\\\/\\\/scitechlewisville.com\\\/#website\"},\"datePublished\":\"2023-07-20T21:15:49+00:00\",\"dateModified\":\"2024-01-18T20:05:44+00:00\",\"description\":\"Discover how charter schools work and why families choose SciTech Lewisville for tuition-free STEM education, flexibility, and strong outcomes.\",\"breadcrumb\":{\"@id\":\"https:\\\/\\\/scitechlewisville.com\\\/about\\\/charter-school\\\/#breadcrumb\"},\"inLanguage\":\"es\",\"potentialAction\":[{\"@type\":\"ReadAction\",\"target\":[\"https:\\\/\\\/scitechlewisville.com\\\/about\\\/charter-school\\\/\"]}]},{\"@type\":\"BreadcrumbList\",\"@id\":\"https:\\\/\\\/scitechlewisville.com\\\/about\\\/charter-school\\\/#breadcrumb\",\"itemListElement\":[{\"@type\":\"ListItem\",\"position\":1,\"name\":\"Home\",\"item\":\"https:\\\/\\\/scitechlewisville.com\\\/\"},{\"@type\":\"ListItem\",\"position\":2,\"name\":\"About\",\"item\":\"https:\\\/\\\/scitechlewisville.com\\\/about\\\/\"},{\"@type\":\"ListItem\",\"position\":3,\"name\":\"Charter School\"}]},{\"@type\":\"WebSite\",\"@id\":\"https:\\\/\\\/scitechlewisville.com\\\/#website\",\"url\":\"https:\\\/\\\/scitechlewisville.com\\\/\",\"name\":\"Lewisville School of Science and Technology\",\"description\":\"STEM Education in Lewisville\",\"publisher\":{\"@id\":\"https:\\\/\\\/scitechlewisville.com\\\/#organization\"},\"potentialAction\":[{\"@type\":\"SearchAction\",\"target\":{\"@type\":\"EntryPoint\",\"urlTemplate\":\"https:\\\/\\\/scitechlewisville.com\\\/?s={search_term_string}\"},\"query-input\":{\"@type\":\"PropertyValueSpecification\",\"valueRequired\":true,\"valueName\":\"search_term_string\"}}],\"inLanguage\":\"es\"},{\"@type\":\"Organization\",\"@id\":\"https:\\\/\\\/scitechlewisville.com\\\/#organization\",\"name\":\"Lewisville School of Science and Technology\",\"url\":\"https:\\\/\\\/scitechlewisville.com\\\/\",\"logo\":{\"@type\":\"ImageObject\",\"inLanguage\":\"es\",\"@id\":\"https:\\\/\\\/scitechlewisville.com\\\/#\\\/schema\\\/logo\\\/image\\\/\",\"url\":\"https:\\\/\\\/scitechlewisville.com\\\/wp-content\\\/uploads\\\/2024\\\/01\\\/favicon.png\",\"contentUrl\":\"https:\\\/\\\/scitechlewisville.com\\\/wp-content\\\/uploads\\\/2024\\\/01\\\/favicon.png\",\"width\":445,\"height\":513,\"caption\":\"Lewisville School of Science and Technology\"},\"image\":{\"@id\":\"https:\\\/\\\/scitechlewisville.com\\\/#\\\/schema\\\/logo\\\/image\\\/\"}}]}<\/script>\n<!-- \/ Yoast SEO plugin. -->","yoast_head_json":{"title":"Charter School Lewisville | Tuition-Free Public Option | SciTech Lewisville","description":"Discover how charter schools work and why families choose SciTech Lewisville for tuition-free STEM education, flexibility, and strong outcomes.","robots":{"index":"index","follow":"follow","max-snippet":"max-snippet:-1","max-image-preview":"max-image-preview:large","max-video-preview":"max-video-preview:-1"},"canonical":"https:\/\/scitechlewisville.com\/es\/about\/charter-school\/","og_locale":"es_MX","og_type":"article","og_title":"Charter School Lewisville | Tuition-Free Public Option | SciTech Lewisville","og_description":"Discover how charter schools work and why families choose SciTech Lewisville for tuition-free STEM education, flexibility, and strong outcomes.","og_url":"https:\/\/scitechlewisville.com\/es\/about\/charter-school\/","og_site_name":"Lewisville School of Science and Technology","article_modified_time":"2024-01-18T20:05:44+00:00","og_image":[{"width":1299,"height":1500,"url":"https:\/\/scitechlewisville.com\/wp-content\/uploads\/2023\/07\/SciTech-Lower.png","type":"image\/png"}],"twitter_card":"summary_large_image","schema":{"@context":"https:\/\/schema.org","@graph":[{"@type":"WebPage","@id":"https:\/\/scitechlewisville.com\/about\/charter-school\/","url":"https:\/\/scitechlewisville.com\/about\/charter-school\/","name":"Charter School Lewisville | Tuition-Free Public Option | SciTech Lewisville","isPartOf":{"@id":"https:\/\/scitechlewisville.com\/#website"},"datePublished":"2023-07-20T21:15:49+00:00","dateModified":"2024-01-18T20:05:44+00:00","description":"Discover how charter schools work and why families choose SciTech Lewisville for tuition-free STEM education, flexibility, and strong outcomes.","breadcrumb":{"@id":"https:\/\/scitechlewisville.com\/about\/charter-school\/#breadcrumb"},"inLanguage":"es","potentialAction":[{"@type":"ReadAction","target":["https:\/\/scitechlewisville.com\/about\/charter-school\/"]}]},{"@type":"BreadcrumbList","@id":"https:\/\/scitechlewisville.com\/about\/charter-school\/#breadcrumb","itemListElement":[{"@type":"ListItem","position":1,"name":"Home","item":"https:\/\/scitechlewisville.com\/"},{"@type":"ListItem","position":2,"name":"About","item":"https:\/\/scitechlewisville.com\/about\/"},{"@type":"ListItem","position":3,"name":"Charter School"}]},{"@type":"WebSite","@id":"https:\/\/scitechlewisville.com\/#website","url":"https:\/\/scitechlewisville.com\/","name":"Escuela de Ciencia y Tecnolog\u00eda de Lewisville","description":"La educaci\u00f3n STEM en Lewisville","publisher":{"@id":"https:\/\/scitechlewisville.com\/#organization"},"potentialAction":[{"@type":"SearchAction","target":{"@type":"EntryPoint","urlTemplate":"https:\/\/scitechlewisville.com\/?s={search_term_string}"},"query-input":{"@type":"PropertyValueSpecification","valueRequired":true,"valueName":"search_term_string"}}],"inLanguage":"es"},{"@type":"Organization","@id":"https:\/\/scitechlewisville.com\/#organization","name":"Escuela de Ciencia y Tecnolog\u00eda de Lewisville","url":"https:\/\/scitechlewisville.com\/","logo":{"@type":"ImageObject","inLanguage":"es","@id":"https:\/\/scitechlewisville.com\/#\/schema\/logo\/image\/","url":"https:\/\/scitechlewisville.com\/wp-content\/uploads\/2024\/01\/favicon.png","contentUrl":"https:\/\/scitechlewisville.com\/wp-content\/uploads\/2024\/01\/favicon.png","width":445,"height":513,"caption":"Lewisville School of Science and Technology"},"image":{"@id":"https:\/\/scitechlewisville.com\/#\/schema\/logo\/image\/"}}]}},"_links":{"self":[{"href":"https:\/\/scitechlewisville.com\/es\/wp-json\/wp\/v2\/pages\/14","targetHints":{"allow":["GET"]}}],"collection":[{"href":"https:\/\/scitechlewisville.com\/es\/wp-json\/wp\/v2\/pages"}],"about":[{"href":"https:\/\/scitechlewisville.com\/es\/wp-json\/wp\/v2\/types\/page"}],"author":[{"embeddable":true,"href":"https:\/\/scitechlewisville.com\/es\/wp-json\/wp\/v2\/users\/1"}],"replies":[{"embeddable":true,"href":"https:\/\/scitechlewisville.com\/es\/wp-json\/wp\/v2\/comments?post=14"}],"version-history":[{"count":0,"href":"https:\/\/scitechlewisville.com\/es\/wp-json\/wp\/v2\/pages\/14\/revisions"}],"up":[{"embeddable":true,"href":"https:\/\/scitechlewisville.com\/es\/wp-json\/wp\/v2\/pages\/12"}],"wp:attachment":[{"href":"https:\/\/scitechlewisville.com\/es\/wp-json\/wp\/v2\/media?parent=14"}],"curies":[{"name":"wp","href":"https:\/\/api.w.org\/{rel}","templated":true}]}}