{"id":13,"date":"2023-07-20T21:15:37","date_gmt":"2023-07-20T21:15:37","guid":{"rendered":"https:\/\/scitechlewisville.com\/?page_id=13"},"modified":"2026-03-02T15:02:44","modified_gmt":"2026-03-02T15:02:44","slug":"leadership","status":"publish","type":"page","link":"https:\/\/scitechlewisville.com\/es\/about\/leadership\/","title":{"rendered":"Liderazgo"},"content":{"rendered":"<div id=\"fws_69fcaca27d2a8\"  data-column-margin=\"default\" data-midnight=\"dark\"  class=\"wpb_row vc_row-fluid vc_row full-width-content vc_row-o-equal-height vc_row-flex vc_row-o-content-top  right_padding_10pct left_padding_10pct\"  style=\"padding-top: 100px; padding-bottom: 100px; \"><div class=\"row-bg-wrap\" data-bg-animation=\"none\" data-bg-animation-delay=\"\" data-bg-overlay=\"false\"><div class=\"inner-wrap row-bg-layer\" ><div class=\"row-bg viewport-desktop\"  style=\"\"><\/div><\/div><\/div><div class=\"row_col_wrap_12 col span_12 dark left\">\n\t<div  class=\"vc_col-sm-12 wpb_column column_container vc_column_container col no-extra-padding inherit_tablet inherit_phone\"  data-padding-pos=\"all\" data-has-bg-color=\"false\" data-bg-color=\"\" data-bg-opacity=\"1\" data-animation=\"\" data-delay=\"0\" >\n\t\t<div class=\"vc_column-inner\" >\n\t\t\t<div class=\"wpb_wrapper\">\n\t\t\t\t<div id=\"fws_69fcaca27e061\" data-midnight=\"\" data-column-margin=\"50px\" class=\"wpb_row vc_row-fluid vc_row inner_row vc_row-o-equal-height vc_row-flex vc_row-o-content-middle\"  style=\"\"><div class=\"row-bg-wrap\"> <div class=\"row-bg\" ><\/div> <\/div><div class=\"row_col_wrap_12_inner col span_12  left\">\n\t<div  class=\"vc_col-sm-7 wpb_column column_container vc_column_container col child_column no-extra-padding inherit_tablet inherit_phone\"   data-padding-pos=\"all\" data-has-bg-color=\"false\" data-bg-color=\"\" data-bg-opacity=\"1\" data-animation=\"\" data-delay=\"0\" >\n\t\t<div class=\"vc_column-inner\" >\n\t\t<div class=\"wpb_wrapper\">\n\t\t\t\n<div class=\"nectar-animated-title\" data-style=\"color-strip-reveal\" data-color=\"accent-color\">\n\t<div class=\"nectar-animated-title-outer\">\n\t\t<div class=\"nectar-animated-title-inner\">\n\t\t\t<div class=\"wrap\"><h6 style=\"color: #ffffff;\">Liderazgo<\/h6><\/div>\n\t\t<\/div>\n\t<\/div>\n<\/div><div class=\"nectar-highlighted-text\" data-style=\"half_text\" data-exp=\"default\" data-using-custom-color=\"true\" data-animation-delay=\"false\" data-color=\"#0ee290\" data-color-gradient=\"\" style=\"\"><h1>L\u00edderes Inspiradores<\/h1>\n<h1><em><span style=\"color: #18608c\">Los Pioneros del Ma\u00f1ana<\/span><\/em><\/h1>\n<\/div>\n<div class=\"wpb_text_column wpb_content_element  wpb_animate_when_almost_visible wpb_fadeInLeft fadeInLeft\" >\n\t<p>Aqu\u00ed en la Escuela de Ciencia y Tecnolog\u00eda de Lewisville, encontrar\u00e1 un equipo dedicado de educadores, profesionales y mentores altamente calificados y apasionados por fomentar una cultura de excelencia en la educaci\u00f3n STEM.<\/p>\n<\/div>\n\n\n\n\n\t\t<\/div> \n\t<\/div>\n\t<\/div> \n\n\t<div  class=\"vc_col-sm-5 wpb_column column_container vc_column_container col child_column no-extra-padding inherit_tablet inherit_phone\"   data-padding-pos=\"all\" data-has-bg-color=\"false\" data-bg-color=\"\" data-bg-opacity=\"1\" data-animation=\"\" data-delay=\"0\" >\n\t\t<div class=\"vc_column-inner\" >\n\t\t<div class=\"wpb_wrapper\">\n\t\t\t<div class=\"nectar_cascading_images\" data-border-radius=\"none\" data-parallax=\"yes\" data-parallax-intensity=\"subtle\" data-layer-1-parallax=\"no\" data-animation-timing=\"175\"><div class=\"cascading-image\" data-has-img=\"true\" style=\" padding:33%;\" data-max-width=\"100%\" data-max-width-mobile=\"100%\" data-animation=\"none\" data-shadow=\"none\"><div class=\"inner-wrap\"><div class=\"bg-layer\" data-scale=\"2\" style=\"transform: scale(2)\"><div style=\" -webkit-transform:translateX(100%) translateY(75%) ; transform:translateX(100%) translateY(75%) ;\" class=\"img-wrap lazy-enabled\"> <img loading=\"lazy\" decoding=\"async\" src=\"data:image\/svg+xml;charset=utf-8,%3Csvg%20xmlns%3D'http%3A%2F%2Fwww.w3.org%2F2000%2Fsvg'%20viewBox%3D'0%200%20101%20117'%2F%3E\" data-nectar-img-src=\"https:\/\/scitechlewisville.com\/wp-content\/uploads\/2023\/07\/blue-solid-lg.png\"  height=\"117\" width=\"101\" class=\"skip-lazy nectar-lazy\" alt=\"\" \/> <\/div><\/div><\/div><\/div><div class=\"cascading-image\" data-has-img=\"true\" style=\" padding:33%;\" data-max-width=\"100%\" data-max-width-mobile=\"100%\" data-animation=\"none\" data-shadow=\"none\"><div class=\"inner-wrap\"><div class=\"bg-layer\" data-scale=\"2\" style=\"transform: scale(2)\"><div style=\" -webkit-transform:translateX(0%) translateY(0%) ; transform:translateX(0%) translateY(0%) ;\" class=\"img-wrap lazy-enabled\"> <img loading=\"lazy\" decoding=\"async\" src=\"data:image\/svg+xml;charset=utf-8,%3Csvg%20xmlns%3D'http%3A%2F%2Fwww.w3.org%2F2000%2Fsvg'%20viewBox%3D'0%200%201299%201500'%2F%3E\" data-nectar-img-src=\"https:\/\/scitechlewisville.com\/wp-content\/uploads\/2023\/07\/SciTech-pic-2.png\" data-nectar-img-srcset=\"https:\/\/scitechlewisville.com\/wp-content\/uploads\/2023\/07\/SciTech-pic-2.png 1299w, https:\/\/scitechlewisville.com\/wp-content\/uploads\/2023\/07\/SciTech-pic-2-260x300.png 260w, https:\/\/scitechlewisville.com\/wp-content\/uploads\/2023\/07\/SciTech-pic-2-887x1024.png 887w, https:\/\/scitechlewisville.com\/wp-content\/uploads\/2023\/07\/SciTech-pic-2-768x887.png 768w\" sizes=\"auto, (min-width: 1000px) 45vw, 100vw\" height=\"1500\" width=\"1299\" class=\"skip-lazy nectar-lazy\" alt=\"A hand adjusting a wing nut seen through a green filter\" \/> <\/div><\/div><\/div><\/div><div class=\"cascading-image\" data-has-img=\"true\" style=\" padding:33%;\" data-max-width=\"100%\" data-max-width-mobile=\"100%\" data-animation=\"none\" data-shadow=\"none\"><div class=\"inner-wrap\"><div class=\"bg-layer\" data-scale=\"1.8\" style=\"transform: scale(1.8)\"><div style=\" -webkit-transform:translateX(-100%) translateY(-75%) ; transform:translateX(-100%) translateY(-75%) ;\" class=\"img-wrap lazy-enabled\"> <img loading=\"lazy\" decoding=\"async\" src=\"data:image\/svg+xml;charset=utf-8,%3Csvg%20xmlns%3D'http%3A%2F%2Fwww.w3.org%2F2000%2Fsvg'%20viewBox%3D'0%200%20101%20117'%2F%3E\" data-nectar-img-src=\"https:\/\/scitechlewisville.com\/wp-content\/uploads\/2023\/07\/grn-empty-lg.png\"  height=\"117\" width=\"101\" class=\"skip-lazy nectar-lazy\" alt=\"\" \/> <\/div><\/div><\/div><\/div><\/div>\n\t\t<\/div> \n\t<\/div>\n\t<\/div> \n<\/div><\/div>\n\t\t\t<\/div> \n\t\t<\/div>\n\t<\/div> \n<\/div><\/div>\n\t\t<div id=\"fws_69fcaca27fd5b\"  data-column-margin=\"default\" data-midnight=\"light\"  class=\"wpb_row vc_row-fluid vc_row full-width-content has-row-bg-color vc_row-o-equal-height vc_row-flex vc_row-o-content-top  bottom_margin_100px right_padding_10pct left_padding_10pct\"  style=\"padding-top: 100px; padding-bottom: 100px; --row-bg-color: #18608c;\"><div class=\"row-bg-wrap\" data-bg-animation=\"none\" data-bg-animation-delay=\"\" data-bg-overlay=\"false\"><div class=\"inner-wrap row-bg-layer using-image\" ><div class=\"row-bg viewport-desktop using-image using-bg-color\"  style=\"background-image: url(https:\/\/scitechlewisville.com\/wp-content\/uploads\/2023\/07\/3d-printer-copy.jpg); background-position: left top; background-repeat: no-repeat; background-color: #18608c; \"><\/div><\/div><\/div><div class=\"row_col_wrap_12 col span_12 light left\">\n\t<div  class=\"vc_col-sm-12 wpb_column column_container vc_column_container col no-extra-padding inherit_tablet inherit_phone\"  data-padding-pos=\"all\" data-has-bg-color=\"false\" data-bg-color=\"\" data-bg-opacity=\"1\" data-animation=\"\" data-delay=\"0\" >\n\t\t<div class=\"vc_column-inner\" >\n\t\t\t<div class=\"wpb_wrapper\">\n\t\t\t\t<div class=\"nectar-highlighted-text\" data-style=\"half_text\" data-exp=\"default\" data-using-custom-color=\"true\" data-animation-delay=\"false\" data-color=\"#0ee290\" data-color-gradient=\"\" style=\"\"><h2><em>Nuestro Personal<\/em><\/h2>\n<\/div><div id=\"fws_69fcaca280683\" data-midnight=\"\" data-column-margin=\"default\" class=\"wpb_row vc_row-fluid vc_row inner_row\"  style=\"padding-top: 50px; padding-bottom: 50px; \"><div class=\"row-bg-wrap\"> <div class=\"row-bg\" ><\/div> <\/div><div class=\"row_col_wrap_12_inner col span_12  left\">\n\t<div  class=\"vc_col-sm-6 wpb_column column_container vc_column_container col child_column no-extra-padding inherit_tablet inherit_phone\"   data-padding-pos=\"all\" data-has-bg-color=\"false\" data-bg-color=\"\" data-bg-opacity=\"1\" data-animation=\"\" data-delay=\"0\" >\n\t\t<div class=\"vc_column-inner\" >\n\t\t<div class=\"wpb_wrapper\">\n\t\t\t\n<div class=\"wpb_text_column wpb_content_element  wpb_animate_when_almost_visible wpb_fadeIn fadeIn\" >\n\t<h4>Niki Swagerty<\/h4>\n<p>Director de la Escuela \/ Director del Campus<\/p>\n<\/div>\n\n\n\n\n<div class=\"wpb_text_column wpb_content_element  wpb_animate_when_almost_visible wpb_fadeIn fadeIn\" >\n\t<h4>Emily Virnoche<\/h4>\n<p>Subdirector del Campus y Decano Acad\u00e9mico<\/p>\n<\/div>\n\n\n\n\n<div class=\"wpb_text_column wpb_content_element  wpb_animate_when_almost_visible wpb_fadeIn fadeIn\" >\n\t<h4>Jennifer Vicks<\/h4>\n<p>Decano de Estudiantes<\/p>\n<\/div>\n\n\n\n\n<div class=\"wpb_text_column wpb_content_element  wpb_animate_when_almost_visible wpb_fadeIn fadeIn\" >\n\t<h4>Nina Gonzalez<\/h4>\n<p>Decano de Atletismo<\/p>\n<\/div>\n\n\n\n\n<div class=\"wpb_text_column wpb_content_element  wpb_animate_when_almost_visible wpb_fadeIn fadeIn\" >\n\t<h4>Indira Coleman<\/h4>\n<p>Registrador<\/p>\n<\/div>\n\n\n\n\n\t\t<\/div> \n\t<\/div>\n\t<\/div> \n\n\t<div  class=\"vc_col-sm-6 wpb_column column_container vc_column_container col child_column centered-text no-extra-padding inherit_tablet inherit_phone\"   data-padding-pos=\"all\" data-has-bg-color=\"false\" data-bg-color=\"\" data-bg-opacity=\"1\" data-animation=\"\" data-delay=\"0\" >\n\t\t<div class=\"vc_column-inner\" >\n\t\t<div class=\"wpb_wrapper\">\n\t\t\t\n\t\t<\/div> \n\t<\/div>\n\t<\/div> \n<\/div><\/div>\n\t\t\t<\/div> \n\t\t<\/div>\n\t<\/div> \n<\/div><\/div>","protected":false},"excerpt":{"rendered":"Leadership Leaders Inspiring Tomorrow's Trailblazers Here at Lewisville School of Science &amp; Technology, you will find a dedicated team of highly qualified educators, professionals, and mentors who are passionate about...","protected":false},"author":1,"featured_media":0,"parent":12,"menu_order":0,"comment_status":"closed","ping_status":"closed","template":"","meta":{"footnotes":""},"class_list":["post-13","page","type-page","status-publish"],"yoast_head":"<!-- This site is optimized with the Yoast SEO plugin v27.3 - https:\/\/yoast.com\/product\/yoast-seo-wordpress\/ -->\n<title>School Leadership | Administration &amp; Campus Team | SciTech Lewisville<\/title>\n<meta name=\"description\" content=\"Meet the leadership team guiding SciTech Lewisville\u2019s mission to deliver innovative STEM education, strong outcomes, and a supportive school community.\" \/>\n<meta name=\"robots\" content=\"index, follow, max-snippet:-1, max-image-preview:large, max-video-preview:-1\" \/>\n<link rel=\"canonical\" href=\"https:\/\/scitechlewisville.com\/es\/about\/leadership\/\" \/>\n<meta property=\"og:locale\" content=\"es_MX\" \/>\n<meta property=\"og:type\" content=\"article\" \/>\n<meta property=\"og:title\" content=\"School Leadership | Administration &amp; Campus Team | SciTech Lewisville\" \/>\n<meta property=\"og:description\" content=\"Meet the leadership team guiding SciTech Lewisville\u2019s mission to deliver innovative STEM education, strong outcomes, and a supportive school community.\" \/>\n<meta property=\"og:url\" content=\"https:\/\/scitechlewisville.com\/es\/about\/leadership\/\" \/>\n<meta property=\"og:site_name\" content=\"Lewisville School of Science and Technology\" \/>\n<meta property=\"article:modified_time\" content=\"2026-03-02T15:02:44+00:00\" \/>\n<meta property=\"og:image\" content=\"https:\/\/scitechlewisville.com\/wp-content\/uploads\/2023\/07\/SciTech-Lower.png\" \/>\n\t<meta property=\"og:image:width\" content=\"1299\" \/>\n\t<meta property=\"og:image:height\" content=\"1500\" \/>\n\t<meta property=\"og:image:type\" content=\"image\/png\" \/>\n<meta name=\"twitter:card\" content=\"summary_large_image\" \/>\n<script type=\"application\/ld+json\" class=\"yoast-schema-graph\">{\"@context\":\"https:\\\/\\\/schema.org\",\"@graph\":[{\"@type\":\"WebPage\",\"@id\":\"https:\\\/\\\/scitechlewisville.com\\\/about\\\/leadership\\\/\",\"url\":\"https:\\\/\\\/scitechlewisville.com\\\/about\\\/leadership\\\/\",\"name\":\"School Leadership | Administration & Campus Team | SciTech Lewisville\",\"isPartOf\":{\"@id\":\"https:\\\/\\\/scitechlewisville.com\\\/#website\"},\"datePublished\":\"2023-07-20T21:15:37+00:00\",\"dateModified\":\"2026-03-02T15:02:44+00:00\",\"description\":\"Meet the leadership team guiding SciTech Lewisville\u2019s mission to deliver innovative STEM education, strong outcomes, and a supportive school community.\",\"breadcrumb\":{\"@id\":\"https:\\\/\\\/scitechlewisville.com\\\/about\\\/leadership\\\/#breadcrumb\"},\"inLanguage\":\"es\",\"potentialAction\":[{\"@type\":\"ReadAction\",\"target\":[\"https:\\\/\\\/scitechlewisville.com\\\/about\\\/leadership\\\/\"]}]},{\"@type\":\"BreadcrumbList\",\"@id\":\"https:\\\/\\\/scitechlewisville.com\\\/about\\\/leadership\\\/#breadcrumb\",\"itemListElement\":[{\"@type\":\"ListItem\",\"position\":1,\"name\":\"Home\",\"item\":\"https:\\\/\\\/scitechlewisville.com\\\/\"},{\"@type\":\"ListItem\",\"position\":2,\"name\":\"About\",\"item\":\"https:\\\/\\\/scitechlewisville.com\\\/about\\\/\"},{\"@type\":\"ListItem\",\"position\":3,\"name\":\"Leadership\"}]},{\"@type\":\"WebSite\",\"@id\":\"https:\\\/\\\/scitechlewisville.com\\\/#website\",\"url\":\"https:\\\/\\\/scitechlewisville.com\\\/\",\"name\":\"Lewisville School of Science and Technology\",\"description\":\"STEM Education in Lewisville\",\"publisher\":{\"@id\":\"https:\\\/\\\/scitechlewisville.com\\\/#organization\"},\"potentialAction\":[{\"@type\":\"SearchAction\",\"target\":{\"@type\":\"EntryPoint\",\"urlTemplate\":\"https:\\\/\\\/scitechlewisville.com\\\/?s={search_term_string}\"},\"query-input\":{\"@type\":\"PropertyValueSpecification\",\"valueRequired\":true,\"valueName\":\"search_term_string\"}}],\"inLanguage\":\"es\"},{\"@type\":\"Organization\",\"@id\":\"https:\\\/\\\/scitechlewisville.com\\\/#organization\",\"name\":\"Lewisville School of Science and Technology\",\"url\":\"https:\\\/\\\/scitechlewisville.com\\\/\",\"logo\":{\"@type\":\"ImageObject\",\"inLanguage\":\"es\",\"@id\":\"https:\\\/\\\/scitechlewisville.com\\\/#\\\/schema\\\/logo\\\/image\\\/\",\"url\":\"https:\\\/\\\/scitechlewisville.com\\\/wp-content\\\/uploads\\\/2024\\\/01\\\/favicon.png\",\"contentUrl\":\"https:\\\/\\\/scitechlewisville.com\\\/wp-content\\\/uploads\\\/2024\\\/01\\\/favicon.png\",\"width\":445,\"height\":513,\"caption\":\"Lewisville School of Science and Technology\"},\"image\":{\"@id\":\"https:\\\/\\\/scitechlewisville.com\\\/#\\\/schema\\\/logo\\\/image\\\/\"}}]}<\/script>\n<!-- \/ Yoast SEO plugin. -->","yoast_head_json":{"title":"School Leadership | Administration & Campus Team | SciTech Lewisville","description":"Meet the leadership team guiding SciTech Lewisville\u2019s mission to deliver innovative STEM education, strong outcomes, and a supportive school community.","robots":{"index":"index","follow":"follow","max-snippet":"max-snippet:-1","max-image-preview":"max-image-preview:large","max-video-preview":"max-video-preview:-1"},"canonical":"https:\/\/scitechlewisville.com\/es\/about\/leadership\/","og_locale":"es_MX","og_type":"article","og_title":"School Leadership | Administration & Campus Team | SciTech Lewisville","og_description":"Meet the leadership team guiding SciTech Lewisville\u2019s mission to deliver innovative STEM education, strong outcomes, and a supportive school community.","og_url":"https:\/\/scitechlewisville.com\/es\/about\/leadership\/","og_site_name":"Lewisville School of Science and Technology","article_modified_time":"2026-03-02T15:02:44+00:00","og_image":[{"width":1299,"height":1500,"url":"https:\/\/scitechlewisville.com\/wp-content\/uploads\/2023\/07\/SciTech-Lower.png","type":"image\/png"}],"twitter_card":"summary_large_image","schema":{"@context":"https:\/\/schema.org","@graph":[{"@type":"WebPage","@id":"https:\/\/scitechlewisville.com\/about\/leadership\/","url":"https:\/\/scitechlewisville.com\/about\/leadership\/","name":"School Leadership | Administration & Campus Team | SciTech Lewisville","isPartOf":{"@id":"https:\/\/scitechlewisville.com\/#website"},"datePublished":"2023-07-20T21:15:37+00:00","dateModified":"2026-03-02T15:02:44+00:00","description":"Meet the leadership team guiding SciTech Lewisville\u2019s mission to deliver innovative STEM education, strong outcomes, and a supportive school community.","breadcrumb":{"@id":"https:\/\/scitechlewisville.com\/about\/leadership\/#breadcrumb"},"inLanguage":"es","potentialAction":[{"@type":"ReadAction","target":["https:\/\/scitechlewisville.com\/about\/leadership\/"]}]},{"@type":"BreadcrumbList","@id":"https:\/\/scitechlewisville.com\/about\/leadership\/#breadcrumb","itemListElement":[{"@type":"ListItem","position":1,"name":"Home","item":"https:\/\/scitechlewisville.com\/"},{"@type":"ListItem","position":2,"name":"About","item":"https:\/\/scitechlewisville.com\/about\/"},{"@type":"ListItem","position":3,"name":"Leadership"}]},{"@type":"WebSite","@id":"https:\/\/scitechlewisville.com\/#website","url":"https:\/\/scitechlewisville.com\/","name":"Escuela de Ciencia y Tecnolog\u00eda de Lewisville","description":"La educaci\u00f3n STEM en Lewisville","publisher":{"@id":"https:\/\/scitechlewisville.com\/#organization"},"potentialAction":[{"@type":"SearchAction","target":{"@type":"EntryPoint","urlTemplate":"https:\/\/scitechlewisville.com\/?s={search_term_string}"},"query-input":{"@type":"PropertyValueSpecification","valueRequired":true,"valueName":"search_term_string"}}],"inLanguage":"es"},{"@type":"Organization","@id":"https:\/\/scitechlewisville.com\/#organization","name":"Escuela de Ciencia y Tecnolog\u00eda de Lewisville","url":"https:\/\/scitechlewisville.com\/","logo":{"@type":"ImageObject","inLanguage":"es","@id":"https:\/\/scitechlewisville.com\/#\/schema\/logo\/image\/","url":"https:\/\/scitechlewisville.com\/wp-content\/uploads\/2024\/01\/favicon.png","contentUrl":"https:\/\/scitechlewisville.com\/wp-content\/uploads\/2024\/01\/favicon.png","width":445,"height":513,"caption":"Lewisville School of Science and Technology"},"image":{"@id":"https:\/\/scitechlewisville.com\/#\/schema\/logo\/image\/"}}]}},"_links":{"self":[{"href":"https:\/\/scitechlewisville.com\/es\/wp-json\/wp\/v2\/pages\/13","targetHints":{"allow":["GET"]}}],"collection":[{"href":"https:\/\/scitechlewisville.com\/es\/wp-json\/wp\/v2\/pages"}],"about":[{"href":"https:\/\/scitechlewisville.com\/es\/wp-json\/wp\/v2\/types\/page"}],"author":[{"embeddable":true,"href":"https:\/\/scitechlewisville.com\/es\/wp-json\/wp\/v2\/users\/1"}],"replies":[{"embeddable":true,"href":"https:\/\/scitechlewisville.com\/es\/wp-json\/wp\/v2\/comments?post=13"}],"version-history":[{"count":0,"href":"https:\/\/scitechlewisville.com\/es\/wp-json\/wp\/v2\/pages\/13\/revisions"}],"up":[{"embeddable":true,"href":"https:\/\/scitechlewisville.com\/es\/wp-json\/wp\/v2\/pages\/12"}],"wp:attachment":[{"href":"https:\/\/scitechlewisville.com\/es\/wp-json\/wp\/v2\/media?parent=13"}],"curies":[{"name":"wp","href":"https:\/\/api.w.org\/{rel}","templated":true}]}}